{"id":3724,"date":"2021-03-30T17:16:24","date_gmt":"2021-03-30T21:16:24","guid":{"rendered":"https:\/\/www.steinlaw.com\/accidentes-de-trabajo\/"},"modified":"2021-03-31T13:11:31","modified_gmt":"2021-03-31T17:11:31","slug":"accidentes-de-trabajo","status":"publish","type":"page","link":"https:\/\/www.steinlaw.com\/es\/areas-de-practica\/accidentes-de-trabajo\/","title":{"rendered":"Accidentes de Trabajo"},"content":{"rendered":"","protected":false},"excerpt":{"rendered":"<a href=\"https:\/\/www.steinlaw.com\/es\/areas-de-practica\/accidentes-de-trabajo\/\" class=\"read-more-btn\">[...]<\/a>","protected":false},"author":2,"featured_media":3745,"parent":3610,"menu_order":111,"comment_status":"closed","ping_status":"closed","template":"practice-areas.php","meta":{"_acf_changed":false,"inline_featured_image":false,"footnotes":""},"class_list":["post-3724","page","type-page","status-publish","has-post-thumbnail","hentry"],"acf":[],"yoast_head":"<!-- This site is optimized with the Yoast SEO plugin v27.5 - https:\/\/yoast.com\/product\/yoast-seo-wordpress\/ -->\n<title>\u00bfHerido en el trabajo? | Abogado de Accidentes Laborales de Florida - SteinLaw<\/title>\n<meta name=\"description\" content=\"Si result\u00f3 herido o lesionado en el trabajo, SteinLaw brinda representaci\u00f3n legal personal a las v\u00edctimas da\u00f1adas por la negligencia de otros. \u00a1Llame Ahora Para una Consulta Gratis!\" \/>\n<meta name=\"robots\" content=\"index, follow, max-snippet:-1, max-image-preview:large, max-video-preview:-1\" \/>\n<link rel=\"canonical\" href=\"https:\/\/www.steinlaw.com\/es\/areas-de-practica\/accidentes-de-trabajo\/\" \/>\n<meta property=\"og:locale\" content=\"es_ES\" \/>\n<meta property=\"og:type\" content=\"article\" \/>\n<meta property=\"og:title\" content=\"\u00bfHerido en el trabajo? | Abogado de Accidentes Laborales de Florida - SteinLaw\" \/>\n<meta property=\"og:description\" content=\"Si result\u00f3 herido o lesionado en el trabajo, SteinLaw brinda representaci\u00f3n legal personal a las v\u00edctimas da\u00f1adas por la negligencia de otros. \u00a1Llame Ahora Para una Consulta Gratis!\" \/>\n<meta property=\"og:url\" content=\"https:\/\/www.steinlaw.com\/es\/areas-de-practica\/accidentes-de-trabajo\/\" \/>\n<meta property=\"og:site_name\" content=\"SteinLaw.com\" \/>\n<meta property=\"article:publisher\" content=\"https:\/\/www.facebook.com\/steinlawattorneys\" \/>\n<meta property=\"article:modified_time\" content=\"2021-03-31T17:11:31+00:00\" \/>\n<meta property=\"og:image\" content=\"https:\/\/www.steinlaw.com\/wp-content\/uploads\/2021\/03\/work-related-accidents-banner.jpg\" \/>\n\t<meta property=\"og:image:width\" content=\"1920\" \/>\n\t<meta property=\"og:image:height\" content=\"503\" \/>\n\t<meta property=\"og:image:type\" content=\"image\/jpeg\" \/>\n<script type=\"application\/ld+json\" class=\"yoast-schema-graph\">{\"@context\":\"https:\\\/\\\/schema.org\",\"@graph\":[{\"@type\":\"WebPage\",\"@id\":\"https:\\\/\\\/www.steinlaw.com\\\/es\\\/areas-de-practica\\\/accidentes-de-trabajo\\\/\",\"url\":\"https:\\\/\\\/www.steinlaw.com\\\/es\\\/areas-de-practica\\\/accidentes-de-trabajo\\\/\",\"name\":\"\u00bfHerido en el trabajo? | Abogado de Accidentes Laborales de Florida - SteinLaw\",\"isPartOf\":{\"@id\":\"https:\\\/\\\/www.steinlaw.com\\\/#website\"},\"primaryImageOfPage\":{\"@id\":\"https:\\\/\\\/www.steinlaw.com\\\/es\\\/areas-de-practica\\\/accidentes-de-trabajo\\\/#primaryimage\"},\"image\":{\"@id\":\"https:\\\/\\\/www.steinlaw.com\\\/es\\\/areas-de-practica\\\/accidentes-de-trabajo\\\/#primaryimage\"},\"thumbnailUrl\":\"https:\\\/\\\/www.steinlaw.com\\\/wp-content\\\/uploads\\\/2021\\\/03\\\/work-related-accidents-banner.jpg\",\"datePublished\":\"2021-03-30T21:16:24+00:00\",\"dateModified\":\"2021-03-31T17:11:31+00:00\",\"description\":\"Si result\u00f3 herido o lesionado en el trabajo, SteinLaw brinda representaci\u00f3n legal personal a las v\u00edctimas da\u00f1adas por la negligencia de otros. \u00a1Llame Ahora Para una Consulta Gratis!\",\"breadcrumb\":{\"@id\":\"https:\\\/\\\/www.steinlaw.com\\\/es\\\/areas-de-practica\\\/accidentes-de-trabajo\\\/#breadcrumb\"},\"inLanguage\":\"es\",\"potentialAction\":[{\"@type\":\"ReadAction\",\"target\":[\"https:\\\/\\\/www.steinlaw.com\\\/es\\\/areas-de-practica\\\/accidentes-de-trabajo\\\/\"]}]},{\"@type\":\"ImageObject\",\"inLanguage\":\"es\",\"@id\":\"https:\\\/\\\/www.steinlaw.com\\\/es\\\/areas-de-practica\\\/accidentes-de-trabajo\\\/#primaryimage\",\"url\":\"https:\\\/\\\/www.steinlaw.com\\\/wp-content\\\/uploads\\\/2021\\\/03\\\/work-related-accidents-banner.jpg\",\"contentUrl\":\"https:\\\/\\\/www.steinlaw.com\\\/wp-content\\\/uploads\\\/2021\\\/03\\\/work-related-accidents-banner.jpg\",\"width\":1920,\"height\":503},{\"@type\":\"BreadcrumbList\",\"@id\":\"https:\\\/\\\/www.steinlaw.com\\\/es\\\/areas-de-practica\\\/accidentes-de-trabajo\\\/#breadcrumb\",\"itemListElement\":[{\"@type\":\"ListItem\",\"position\":1,\"name\":\"Areas de Pr\u00e1ctica\",\"item\":\"https:\\\/\\\/www.steinlaw.com\\\/es\\\/areas-de-practica\\\/\"},{\"@type\":\"ListItem\",\"position\":2,\"name\":\"Accidentes de Trabajo\"}]},{\"@type\":\"WebSite\",\"@id\":\"https:\\\/\\\/www.steinlaw.com\\\/#website\",\"url\":\"https:\\\/\\\/www.steinlaw.com\\\/\",\"name\":\"SteinLaw.com\",\"description\":\"\",\"potentialAction\":[{\"@type\":\"SearchAction\",\"target\":{\"@type\":\"EntryPoint\",\"urlTemplate\":\"https:\\\/\\\/www.steinlaw.com\\\/?s={search_term_string}\"},\"query-input\":{\"@type\":\"PropertyValueSpecification\",\"valueRequired\":true,\"valueName\":\"search_term_string\"}}],\"inLanguage\":\"es\"}]}<\/script>\n<!-- \/ Yoast SEO plugin. -->","yoast_head_json":{"title":"\u00bfHerido en el trabajo? | Abogado de Accidentes Laborales de Florida - SteinLaw","description":"Si result\u00f3 herido o lesionado en el trabajo, SteinLaw brinda representaci\u00f3n legal personal a las v\u00edctimas da\u00f1adas por la negligencia de otros. \u00a1Llame Ahora Para una Consulta Gratis!","robots":{"index":"index","follow":"follow","max-snippet":"max-snippet:-1","max-image-preview":"max-image-preview:large","max-video-preview":"max-video-preview:-1"},"canonical":"https:\/\/www.steinlaw.com\/es\/areas-de-practica\/accidentes-de-trabajo\/","og_locale":"es_ES","og_type":"article","og_title":"\u00bfHerido en el trabajo? | Abogado de Accidentes Laborales de Florida - SteinLaw","og_description":"Si result\u00f3 herido o lesionado en el trabajo, SteinLaw brinda representaci\u00f3n legal personal a las v\u00edctimas da\u00f1adas por la negligencia de otros. \u00a1Llame Ahora Para una Consulta Gratis!","og_url":"https:\/\/www.steinlaw.com\/es\/areas-de-practica\/accidentes-de-trabajo\/","og_site_name":"SteinLaw.com","article_publisher":"https:\/\/www.facebook.com\/steinlawattorneys","article_modified_time":"2021-03-31T17:11:31+00:00","og_image":[{"width":1920,"height":503,"url":"https:\/\/www.steinlaw.com\/wp-content\/uploads\/2021\/03\/work-related-accidents-banner.jpg","type":"image\/jpeg"}],"schema":{"@context":"https:\/\/schema.org","@graph":[{"@type":"WebPage","@id":"https:\/\/www.steinlaw.com\/es\/areas-de-practica\/accidentes-de-trabajo\/","url":"https:\/\/www.steinlaw.com\/es\/areas-de-practica\/accidentes-de-trabajo\/","name":"\u00bfHerido en el trabajo? | Abogado de Accidentes Laborales de Florida - SteinLaw","isPartOf":{"@id":"https:\/\/www.steinlaw.com\/#website"},"primaryImageOfPage":{"@id":"https:\/\/www.steinlaw.com\/es\/areas-de-practica\/accidentes-de-trabajo\/#primaryimage"},"image":{"@id":"https:\/\/www.steinlaw.com\/es\/areas-de-practica\/accidentes-de-trabajo\/#primaryimage"},"thumbnailUrl":"https:\/\/www.steinlaw.com\/wp-content\/uploads\/2021\/03\/work-related-accidents-banner.jpg","datePublished":"2021-03-30T21:16:24+00:00","dateModified":"2021-03-31T17:11:31+00:00","description":"Si result\u00f3 herido o lesionado en el trabajo, SteinLaw brinda representaci\u00f3n legal personal a las v\u00edctimas da\u00f1adas por la negligencia de otros. \u00a1Llame Ahora Para una Consulta Gratis!","breadcrumb":{"@id":"https:\/\/www.steinlaw.com\/es\/areas-de-practica\/accidentes-de-trabajo\/#breadcrumb"},"inLanguage":"es","potentialAction":[{"@type":"ReadAction","target":["https:\/\/www.steinlaw.com\/es\/areas-de-practica\/accidentes-de-trabajo\/"]}]},{"@type":"ImageObject","inLanguage":"es","@id":"https:\/\/www.steinlaw.com\/es\/areas-de-practica\/accidentes-de-trabajo\/#primaryimage","url":"https:\/\/www.steinlaw.com\/wp-content\/uploads\/2021\/03\/work-related-accidents-banner.jpg","contentUrl":"https:\/\/www.steinlaw.com\/wp-content\/uploads\/2021\/03\/work-related-accidents-banner.jpg","width":1920,"height":503},{"@type":"BreadcrumbList","@id":"https:\/\/www.steinlaw.com\/es\/areas-de-practica\/accidentes-de-trabajo\/#breadcrumb","itemListElement":[{"@type":"ListItem","position":1,"name":"Areas de Pr\u00e1ctica","item":"https:\/\/www.steinlaw.com\/es\/areas-de-practica\/"},{"@type":"ListItem","position":2,"name":"Accidentes de Trabajo"}]},{"@type":"WebSite","@id":"https:\/\/www.steinlaw.com\/#website","url":"https:\/\/www.steinlaw.com\/","name":"SteinLaw.com","description":"","potentialAction":[{"@type":"SearchAction","target":{"@type":"EntryPoint","urlTemplate":"https:\/\/www.steinlaw.com\/?s={search_term_string}"},"query-input":{"@type":"PropertyValueSpecification","valueRequired":true,"valueName":"search_term_string"}}],"inLanguage":"es"}]}},"_links":{"self":[{"href":"https:\/\/www.steinlaw.com\/es\/wp-json\/wp\/v2\/pages\/3724","targetHints":{"allow":["GET"]}}],"collection":[{"href":"https:\/\/www.steinlaw.com\/es\/wp-json\/wp\/v2\/pages"}],"about":[{"href":"https:\/\/www.steinlaw.com\/es\/wp-json\/wp\/v2\/types\/page"}],"author":[{"embeddable":true,"href":"https:\/\/www.steinlaw.com\/es\/wp-json\/wp\/v2\/users\/2"}],"replies":[{"embeddable":true,"href":"https:\/\/www.steinlaw.com\/es\/wp-json\/wp\/v2\/comments?post=3724"}],"version-history":[{"count":0,"href":"https:\/\/www.steinlaw.com\/es\/wp-json\/wp\/v2\/pages\/3724\/revisions"}],"up":[{"embeddable":true,"href":"https:\/\/www.steinlaw.com\/es\/wp-json\/wp\/v2\/pages\/3610"}],"wp:featuredmedia":[{"embeddable":true,"href":"https:\/\/www.steinlaw.com\/es\/wp-json\/wp\/v2\/media\/3745"}],"wp:attachment":[{"href":"https:\/\/www.steinlaw.com\/es\/wp-json\/wp\/v2\/media?parent=3724"}],"curies":[{"name":"wp","href":"https:\/\/api.w.org\/{rel}","templated":true}]}}